{"id":35810,"date":"2016-06-08T10:16:49","date_gmt":"2016-06-08T08:16:49","guid":{"rendered":"https:\/\/www.digitalbusiness.africa\/pricing-on-digital-business-africa\/"},"modified":"2023-12-01T06:05:05","modified_gmt":"2023-12-01T05:05:05","slug":"pricing-on-digital-business-africa","status":"publish","type":"page","link":"https:\/\/www.digitalbusiness.africa\/en\/pricing-on-digital-business-africa\/","title":{"rendered":"PRICING ON DIGITAL Business Africa"},"content":{"rendered":"<div class=\"su-document su-u-responsive-media-yes\"><iframe loading=\"lazy\" src=\"\/\/docs.google.com\/viewer?embedded=true&url=https:\/\/www.digitalbusiness.africa\/wp-content\/uploads\/2022\/06\/Media-KIT-de-DBA-2022-1.pdf\" width=\"600\" height=\"400\" class=\"su-document\" title=\"\"><\/iframe><\/div>\n\n<p class=\"has-text-align-center wp-block-paragraph\">DIGITAL Business Africa enables targeted communication with ICT and telecommunications experts in Central Africa [ECCAS].<\/p>\n\n<p class=\"has-text-align-center wp-block-paragraph\"><strong><span style=\"text-decoration: underline;\"><span style=\"color: #ff0000; text-decoration: underline;\">OUR RUBRICS\u00a0<\/span><\/span><\/strong><\/p>\n<div class=\"wp-block-image\">\n<figure class=\"aligncenter\"><a href=\"https:\/\/www.digitalbusiness.africa\/wp-content\/uploads\/2016\/06\/PUB-Forfaits-TIC-Mag-Rubriques.jpg\"><img loading=\"lazy\" decoding=\"async\" width=\"707\" height=\"495\" src=\"https:\/\/www.digitalbusiness.africa\/wp-content\/uploads\/2016\/06\/PUB-Forfaits-TIC-Mag-Rubriques.jpg\" alt=\"Ads and Packages from Digital Business Africa\" class=\"wp-image-11332\" srcset=\"https:\/\/www.digitalbusiness.africa\/wp-content\/uploads\/2016\/06\/PUB-Forfaits-TIC-Mag-Rubriques.jpg 707w, https:\/\/www.digitalbusiness.africa\/wp-content\/uploads\/2016\/06\/PUB-Forfaits-TIC-Mag-Rubriques-400x280.jpg 400w, https:\/\/www.digitalbusiness.africa\/wp-content\/uploads\/2016\/06\/PUB-Forfaits-TIC-Mag-Rubriques-600x420.jpg 600w, https:\/\/www.digitalbusiness.africa\/wp-content\/uploads\/2016\/06\/PUB-Forfaits-TIC-Mag-Rubriques-300x210.jpg 300w, https:\/\/www.digitalbusiness.africa\/wp-content\/uploads\/2016\/06\/PUB-Forfaits-TIC-Mag-Rubriques-145x102.jpg 145w\" sizes=\"auto, (max-width: 707px) 100vw, 707px\" \/><\/a><\/figure>\n<\/div>\n<p class=\"has-text-align-center wp-block-paragraph\"><\/p>\n\n<p class=\"has-text-align-center wp-block-paragraph\"><span style=\"color: #ff0000;\"><b><u>ICT and telecom professionals, executives, and managers mainly consult DIGITAL BUSINESS AFRICA. It provides a platform for effectively communicating your digital products, services, and ideas.<\/u><\/b><\/span><\/p>\n\n<p class=\"has-text-align-center wp-block-paragraph\"><strong><span style=\"color: #ff0000;\">OUR PACKAGES<\/span><\/strong><\/p>\n\n<p class=\"has-text-align-center wp-block-paragraph\"><strong><span style=\"color: #ff0000;\">SOFT PACKAGE<\/span><\/strong><\/p>\n\n<p class=\"has-text-align-center wp-block-paragraph\">The Soft package enables you to communicate your products on DIGITAL Business Africa at low cost.<\/p>\n\n<p class=\"wp-block-paragraph\">DIGITAL Business Africa recommends that, in addition to the promotion it already does on social networks, you set aside an additional budget of 50,000 CFA francs (77 euros) for further promotion and visibility of your texts and interviews on Facebook and Twitter. Promotion on Facebook and Twitter for one day (+bonus free publication on Google+ and LinkedIn). Estimated reach per day on Facebook: over 4,000,000 professional Internet users who receive your information, and over 100,000 Twitter subscribers (from your country or the countries you want to reach).<\/p>\n<div class=\"wp-block-image\">\n<figure class=\"aligncenter\"><a href=\"http:\/\/www.digitalbusiness.africa\/contact\/#.V1gH35HhDNO\" target=\"_blank\" rel=\"noopener noreferrer\"><img loading=\"lazy\" decoding=\"async\" width=\"658\" height=\"74\" src=\"https:\/\/www.digitalbusiness.africa\/wp-content\/uploads\/2016\/06\/Soumettre-SOFT-1.jpg\" alt=\"\" class=\"wp-image-11364\" srcset=\"https:\/\/www.digitalbusiness.africa\/wp-content\/uploads\/2016\/06\/Soumettre-SOFT-1.jpg 658w, https:\/\/www.digitalbusiness.africa\/wp-content\/uploads\/2016\/06\/Soumettre-SOFT-1-400x45.jpg 400w, https:\/\/www.digitalbusiness.africa\/wp-content\/uploads\/2016\/06\/Soumettre-SOFT-1-600x67.jpg 600w, https:\/\/www.digitalbusiness.africa\/wp-content\/uploads\/2016\/06\/Soumettre-SOFT-1-300x34.jpg 300w\" sizes=\"auto, (max-width: 658px) 100vw, 658px\" \/><\/a><\/figure>\n<\/div>\n<p class=\"wp-block-paragraph\"><\/p>\n\n<p class=\"has-text-align-center wp-block-paragraph\"><span style=\"color: #ff0000;\"><strong>PREMIUM PACKAGE<\/strong><\/span><\/p>\n\n<p class=\"wp-block-paragraph\">This is an economical offer for companies, institutions, government departments or individuals who communicate regularly. Based on your documents or indications, we write your information.<\/p>\n\n<p class=\"wp-block-paragraph\">These articles are also classified in the <strong>RECOMMENDED ARTICLES<\/strong> (home) section, where they enjoy greater visibility. They are also published in our newsletter, received by over 15,000 ICT and telecoms professionals.<\/p>\n\n<p class=\"wp-block-paragraph\">Digital Business Africa&#8217;s editorial team can naturally refuse to publish a text that is off-topic or does not comply with the requirements of the law and propriety. The annual Premium package includes one (written) interview every two months.&#13;\n<\/p>\n\n<p class=\"has-text-align-center wp-block-paragraph\">\u00a0<\/p>\n<div class=\"wp-block-image\">\n<figure class=\"aligncenter\"><a href=\"http:\/\/www.digitalbusiness.africa\/contact\/#.V1gH35HhDNO\" target=\"_blank\" rel=\"noopener noreferrer\"><img loading=\"lazy\" decoding=\"async\" width=\"656\" height=\"74\" src=\"https:\/\/www.digitalbusiness.africa\/wp-content\/uploads\/2016\/06\/Soumettre-Premium-1.jpg\" alt=\"\" class=\"wp-image-11362\" srcset=\"https:\/\/www.digitalbusiness.africa\/wp-content\/uploads\/2016\/06\/Soumettre-Premium-1.jpg 656w, https:\/\/www.digitalbusiness.africa\/wp-content\/uploads\/2016\/06\/Soumettre-Premium-1-400x45.jpg 400w, https:\/\/www.digitalbusiness.africa\/wp-content\/uploads\/2016\/06\/Soumettre-Premium-1-600x68.jpg 600w, https:\/\/www.digitalbusiness.africa\/wp-content\/uploads\/2016\/06\/Soumettre-Premium-1-300x34.jpg 300w\" sizes=\"auto, (max-width: 656px) 100vw, 656px\" \/><\/a><\/figure>\n<\/div>\n<p class=\"has-text-align-center wp-block-paragraph\"><\/p>\n\n<p class=\"has-text-align-center wp-block-paragraph\"><strong><span style=\"text-decoration: underline; color: #ff0000;\">The SPECIAL FEATURE<\/span><\/strong><\/p>\n\n<p class=\"has-text-align-center wp-block-paragraph\">DIGITAL Business Africa can produce a series of articles and interviews on a country, program, project or institution. These Special Feature articles are then placed on the front page of DIGITAL Business Africa in the dedicated space and on a dedicated page. The conditions and costs of producing the Special Feature are to be discussed with the DIGITAL Business Africa editorial team: contact@digitalbusiness.africa<\/p>\n<div class=\"wp-block-image\">\n<figure class=\"aligncenter\"><a href=\"http:\/\/www.digitalbusiness.africa\/contact\/#.V1gH35HhDNO\" target=\"_blank\" rel=\"noopener noreferrer\"><img loading=\"lazy\" decoding=\"async\" width=\"661\" height=\"75\" src=\"https:\/\/www.digitalbusiness.africa\/wp-content\/uploads\/2016\/06\/Soumettre-Dossier-Special-1.jpg\" alt=\"\" class=\"wp-image-11361\" srcset=\"https:\/\/www.digitalbusiness.africa\/wp-content\/uploads\/2016\/06\/Soumettre-Dossier-Special-1.jpg 661w, https:\/\/www.digitalbusiness.africa\/wp-content\/uploads\/2016\/06\/Soumettre-Dossier-Special-1-400x45.jpg 400w, https:\/\/www.digitalbusiness.africa\/wp-content\/uploads\/2016\/06\/Soumettre-Dossier-Special-1-600x68.jpg 600w, https:\/\/www.digitalbusiness.africa\/wp-content\/uploads\/2016\/06\/Soumettre-Dossier-Special-1-300x34.jpg 300w\" sizes=\"auto, (max-width: 661px) 100vw, 661px\" \/><\/a><\/figure>\n<\/div>\n<p class=\"has-text-align-center wp-block-paragraph\"><\/p>\n\n<p class=\"has-text-align-center wp-block-paragraph\"><strong><span style=\"text-decoration: underline; color: #ff0000;\">BANNERS ON DIGITAL Business Africa<\/span><\/strong><\/p>\n<div class=\"wp-block-image\">\n<figure class=\"aligncenter\"><a href=\"\/?p=35866\" rel=\"attachment wp-att-35866\"><img loading=\"lazy\" decoding=\"async\" width=\"520\" height=\"756\" src=\"https:\/\/www.digitalbusiness.africa\/wp-content\/uploads\/2019\/07\/Espace-PUB-DBA-MK-e1564512469796.jpg\" alt=\"\" class=\"wp-image-35866\" srcset=\"https:\/\/www.digitalbusiness.africa\/wp-content\/uploads\/2019\/07\/Espace-PUB-DBA-MK-e1564512469796.jpg 520w, https:\/\/www.digitalbusiness.africa\/wp-content\/uploads\/2019\/07\/Espace-PUB-DBA-MK-e1564512469796-206x300.jpg 206w, https:\/\/www.digitalbusiness.africa\/wp-content\/uploads\/2019\/07\/Espace-PUB-DBA-MK-e1564512469796-289x420.jpg 289w\" sizes=\"auto, (max-width: 520px) 100vw, 520px\" \/><\/a><\/figure>\n<\/div>\n<p class=\"has-text-align-center wp-block-paragraph\">Your advertising message in the form of a banner with a URL link to your website or products. Guaranteed visibility and traffic generation on your website and redirection of Internet users to your products and services.<\/p>\n<div class=\"wp-block-image\">\n<figure class=\"aligncenter\"><a href=\"http:\/\/www.digitalbusiness.africa\/contact\/#.V1gH35HhDNO\" target=\"_blank\" rel=\"noopener noreferrer\"><img loading=\"lazy\" decoding=\"async\" width=\"660\" height=\"74\" src=\"https:\/\/www.digitalbusiness.africa\/wp-content\/uploads\/2016\/06\/Soumettre-Banniere-1.jpg\" alt=\"\" class=\"wp-image-11359\" srcset=\"https:\/\/www.digitalbusiness.africa\/wp-content\/uploads\/2016\/06\/Soumettre-Banniere-1.jpg 660w, https:\/\/www.digitalbusiness.africa\/wp-content\/uploads\/2016\/06\/Soumettre-Banniere-1-400x45.jpg 400w, https:\/\/www.digitalbusiness.africa\/wp-content\/uploads\/2016\/06\/Soumettre-Banniere-1-600x67.jpg 600w, https:\/\/www.digitalbusiness.africa\/wp-content\/uploads\/2016\/06\/Soumettre-Banniere-1-300x34.jpg 300w\" sizes=\"auto, (max-width: 660px) 100vw, 660px\" \/><\/a><\/figure>\n<\/div>\n<p class=\"has-text-align-center wp-block-paragraph\"><\/p>\n\n<p class=\"has-text-align-center wp-block-paragraph\"><strong><span style=\"text-decoration: underline; color: #ff0000;\">BANNERS DIGITAL Business Africa&#8217;s NEWSLETTER<\/span><\/strong><\/p>\n<div class=\"wp-block-image\">\n<figure class=\"aligncenter\"><a href=\"http:\/\/www.digitalbusiness.africa\/contact\/#.V1gH35HhDNO\" target=\"_blank\" rel=\"noopener noreferrer\"><img loading=\"lazy\" decoding=\"async\" width=\"655\" height=\"74\" src=\"https:\/\/www.digitalbusiness.africa\/wp-content\/uploads\/2016\/06\/Soumettre-Newsletters-1.jpg\" alt=\"\" class=\"wp-image-11360\" srcset=\"https:\/\/www.digitalbusiness.africa\/wp-content\/uploads\/2016\/06\/Soumettre-Newsletters-1.jpg 655w, https:\/\/www.digitalbusiness.africa\/wp-content\/uploads\/2016\/06\/Soumettre-Newsletters-1-400x45.jpg 400w, https:\/\/www.digitalbusiness.africa\/wp-content\/uploads\/2016\/06\/Soumettre-Newsletters-1-600x68.jpg 600w, https:\/\/www.digitalbusiness.africa\/wp-content\/uploads\/2016\/06\/Soumettre-Newsletters-1-300x34.jpg 300w\" sizes=\"auto, (max-width: 655px) 100vw, 655px\" \/><\/a><\/figure>\n<\/div>\n<p class=\"has-text-align-center wp-block-paragraph\"><\/p>\n\n<p class=\"has-text-align-center wp-block-paragraph\">DIGITAL Business Africa guarantees more than a week&#8217;s communication in its newsletter when you subscribe to a newsletter campaign. Advantages are offered when the campaign goes beyond one week.<\/p>\n<div class=\"wp-block-image\">\n<figure class=\"aligncenter\"><a href=\"http:\/\/www.digitalbusiness.africa\/contact\/#.V1gH35HhDNO\" target=\"_blank\" rel=\"noopener noreferrer\"><img loading=\"lazy\" decoding=\"async\" width=\"660\" height=\"76\" src=\"https:\/\/www.digitalbusiness.africa\/wp-content\/uploads\/2016\/06\/Soumettre-Pack-Global-1.jpg\" alt=\"\" class=\"wp-image-11363\" srcset=\"https:\/\/www.digitalbusiness.africa\/wp-content\/uploads\/2016\/06\/Soumettre-Pack-Global-1.jpg 660w, https:\/\/www.digitalbusiness.africa\/wp-content\/uploads\/2016\/06\/Soumettre-Pack-Global-1-400x46.jpg 400w, https:\/\/www.digitalbusiness.africa\/wp-content\/uploads\/2016\/06\/Soumettre-Pack-Global-1-600x69.jpg 600w, https:\/\/www.digitalbusiness.africa\/wp-content\/uploads\/2016\/06\/Soumettre-Pack-Global-1-300x35.jpg 300w\" sizes=\"auto, (max-width: 660px) 100vw, 660px\" \/><\/a><\/figure>\n<\/div>\n<p class=\"has-text-align-center wp-block-paragraph\"><span style=\"text-decoration: underline; color: #ff0000;\"><strong><\/strong><\/span>&#13;\n<\/p>\n\n<p class=\"has-text-align-center wp-block-paragraph\"><span style=\"text-decoration: underline; color: #ff0000;\"><strong>CONTACT DIGITAL Business Africa<\/strong><\/span><\/p>\n\n<p class=\"has-text-align-center wp-block-paragraph\">You can benefit from exceptional discounts when you send your offer by e-mail. You&#8217;ll benefit from even more exceptional discounts if you choose an all-inclusive package including several packages.<\/p>\n\n<p class=\"has-text-align-center wp-block-paragraph\">Yaound\u00e9 OFFICE<\/p>\n\n<p class=\"has-text-align-center wp-block-paragraph\">Total Etoudi<\/p>\n\n<p class=\"has-text-align-center wp-block-paragraph\"><strong>TElEphone<\/strong> : +237 243 25 64 36<\/p>\n\n<p class=\"has-text-align-center wp-block-paragraph\"><strong>Email<\/strong> : contact@digitalbusiness.africa<\/p>\n\n<p class=\"has-text-align-center wp-block-paragraph\"><strong>WEBSITE<\/strong> : <a href=\"http:\/\/www.digitalbusiness.africa\" target=\"_blank\" rel=\"noopener noreferrer\"><strong>www.digitalbusiness.africa<\/strong><\/a><\/p>\n\n<p class=\"has-text-align-center wp-block-paragraph\"><a href=\"https:\/\/www.digitalbusiness.africa\/wp-content\/uploads\/2022\/06\/Media-KIT-de-DBA-2022.pdf\" target=\"_blank\" rel=\"noreferrer noopener\">DOWNLOAD OUR m\u00e9dia KIT<\/a><\/p>\n","protected":false},"excerpt":{"rendered":"<p>DIGITAL Business Africa enables targeted communication with ICT and telecommunications experts in Central Africa [ECCAS]. OUR RUBRICS\u00a0 ICT and telecom professionals, executives, and managers mainly consult DIGITAL BUSINESS AFRICA. It provides a platform for effectively communicating your digital products, services, and ideas. OUR PACKAGES SOFT PACKAGE The Soft package enables you to communicate your products [&hellip;]<\/p>\n","protected":false},"author":28,"featured_media":0,"parent":0,"menu_order":0,"comment_status":"closed","ping_status":"closed","template":"","meta":{"_crdt_document":"","footnotes":""},"class_list":["post-35810","page","type-page","status-publish"],"yoast_head":"<!-- This site is optimized with the Yoast SEO Premium plugin v27.4 (Yoast SEO v27.4) - https:\/\/yoast.com\/product\/yoast-seo-premium-wordpress\/ -->\n<title>PRICING ON DIGITAL Business Africa - Digital Business Africa<\/title>\n<meta name=\"description\" content=\"DIGITAL Business Africa enables targeted communication with ICT and telecommunications experts in Central Africa . OUR RUBRICS\u00a0 ICT and telecom\" \/>\n<meta name=\"robots\" content=\"index, follow, max-snippet:-1, max-image-preview:large, max-video-preview:-1\" \/>\n<link rel=\"canonical\" href=\"https:\/\/www.digitalbusiness.africa\/en\/pricing-on-digital-business-africa\/\" \/>\n<meta property=\"og:locale\" content=\"en_US\" \/>\n<meta property=\"og:type\" content=\"article\" \/>\n<meta property=\"og:title\" content=\"PRICING ON DIGITAL Business Africa - Digital Business Africa\" \/>\n<meta property=\"og:description\" content=\"DIGITAL Business Africa enables targeted communication with ICT and telecommunications experts in Central Africa . OUR RUBRICS\u00a0 ICT and telecom\" \/>\n<meta property=\"og:url\" content=\"https:\/\/www.digitalbusiness.africa\/en\/pricing-on-digital-business-africa\/\" \/>\n<meta property=\"og:site_name\" content=\"Digital Business Africa\" \/>\n<meta property=\"article:publisher\" content=\"https:\/\/www.facebook.com\/DigitalBusinessAFRIC\" \/>\n<meta property=\"article:modified_time\" content=\"2023-12-01T05:05:05+00:00\" \/>\n<meta property=\"og:image\" content=\"http:\/\/www.digitalbusiness.africa\/wp-content\/uploads\/2016\/06\/PUB-Forfaits-TIC-Mag-Rubriques.jpg\" \/>\n<meta name=\"twitter:card\" content=\"summary_large_image\" \/>\n<meta name=\"twitter:site\" content=\"@DigitalBusiness\" \/>\n<meta name=\"twitter:label1\" content=\"Est. reading time\" \/>\n\t<meta name=\"twitter:data1\" content=\"2 minutes\" \/>\n<script type=\"application\/ld+json\" class=\"yoast-schema-graph\">{\"@context\":\"https:\\\/\\\/schema.org\",\"@graph\":[{\"@type\":\"WebPage\",\"@id\":\"https:\\\/\\\/www.digitalbusiness.africa\\\/en\\\/pricing-on-digital-business-africa\\\/\",\"url\":\"https:\\\/\\\/www.digitalbusiness.africa\\\/en\\\/pricing-on-digital-business-africa\\\/\",\"name\":\"PRICING ON DIGITAL Business Africa - Digital Business Africa\",\"isPartOf\":{\"@id\":\"https:\\\/\\\/www.digitalbusiness.africa\\\/en\\\/#website\"},\"primaryImageOfPage\":{\"@id\":\"https:\\\/\\\/www.digitalbusiness.africa\\\/en\\\/pricing-on-digital-business-africa\\\/#primaryimage\"},\"image\":{\"@id\":\"https:\\\/\\\/www.digitalbusiness.africa\\\/en\\\/pricing-on-digital-business-africa\\\/#primaryimage\"},\"thumbnailUrl\":\"https:\\\/\\\/www.digitalbusiness.africa\\\/wp-content\\\/uploads\\\/2016\\\/06\\\/PUB-Forfaits-TIC-Mag-Rubriques.jpg\",\"datePublished\":\"2016-06-08T08:16:49+00:00\",\"dateModified\":\"2023-12-01T05:05:05+00:00\",\"description\":\"DIGITAL Business Africa enables targeted communication with ICT and telecommunications experts in Central Africa . OUR RUBRICS\u00a0 ICT and telecom\",\"inLanguage\":\"en-US\",\"potentialAction\":[{\"@type\":\"ReadAction\",\"target\":[\"https:\\\/\\\/www.digitalbusiness.africa\\\/en\\\/pricing-on-digital-business-africa\\\/\"]}]},{\"@type\":\"ImageObject\",\"inLanguage\":\"en-US\",\"@id\":\"https:\\\/\\\/www.digitalbusiness.africa\\\/en\\\/pricing-on-digital-business-africa\\\/#primaryimage\",\"url\":\"https:\\\/\\\/www.digitalbusiness.africa\\\/wp-content\\\/uploads\\\/2016\\\/06\\\/PUB-Forfaits-TIC-Mag-Rubriques.jpg\",\"contentUrl\":\"https:\\\/\\\/www.digitalbusiness.africa\\\/wp-content\\\/uploads\\\/2016\\\/06\\\/PUB-Forfaits-TIC-Mag-Rubriques.jpg\"},{\"@type\":\"WebSite\",\"@id\":\"https:\\\/\\\/www.digitalbusiness.africa\\\/en\\\/#website\",\"url\":\"https:\\\/\\\/www.digitalbusiness.africa\\\/en\\\/\",\"name\":\"Digital Business Africa\",\"description\":\"Le Mag des d\u00e9cideurs consacr\u00e9 \u00e0 l&#039;actualit\u00e9 des TIC, des T\u00e9l\u00e9coms et du Num\u00e9rique en Afrique\",\"publisher\":{\"@id\":\"https:\\\/\\\/www.digitalbusiness.africa\\\/en\\\/#organization\"},\"potentialAction\":[{\"@type\":\"SearchAction\",\"target\":{\"@type\":\"EntryPoint\",\"urlTemplate\":\"https:\\\/\\\/www.digitalbusiness.africa\\\/en\\\/?s={search_term_string}\"},\"query-input\":{\"@type\":\"PropertyValueSpecification\",\"valueRequired\":true,\"valueName\":\"search_term_string\"}}],\"inLanguage\":\"en-US\"},{\"@type\":\"Organization\",\"@id\":\"https:\\\/\\\/www.digitalbusiness.africa\\\/en\\\/#organization\",\"name\":\"Digital Business Africa\",\"url\":\"https:\\\/\\\/www.digitalbusiness.africa\\\/en\\\/\",\"logo\":{\"@type\":\"ImageObject\",\"inLanguage\":\"en-US\",\"@id\":\"https:\\\/\\\/www.digitalbusiness.africa\\\/en\\\/#\\\/schema\\\/logo\\\/image\\\/\",\"url\":\"https:\\\/\\\/i0.wp.com\\\/www.digitalbusiness.africa\\\/wp-content\\\/uploads\\\/2022\\\/07\\\/NEW-LOGO-DBA-Sans-Fond.png?fit=2995%2C953&quality=80&ssl=1\",\"contentUrl\":\"https:\\\/\\\/i0.wp.com\\\/www.digitalbusiness.africa\\\/wp-content\\\/uploads\\\/2022\\\/07\\\/NEW-LOGO-DBA-Sans-Fond.png?fit=2995%2C953&quality=80&ssl=1\",\"width\":2995,\"height\":953,\"caption\":\"Digital Business Africa\"},\"image\":{\"@id\":\"https:\\\/\\\/www.digitalbusiness.africa\\\/en\\\/#\\\/schema\\\/logo\\\/image\\\/\"},\"sameAs\":[\"https:\\\/\\\/www.facebook.com\\\/DigitalBusinessAFRIC\",\"https:\\\/\\\/x.com\\\/DigitalBusiness\",\"https:\\\/\\\/www.linkedin.com\\\/company\\\/digitalbusinessafrica\",\"https:\\\/\\\/www.youtube.com\\\/@DIGITALbusinessafrica\"]}]}<\/script>\n<!-- \/ Yoast SEO Premium plugin. -->","yoast_head_json":{"title":"PRICING ON DIGITAL Business Africa - Digital Business Africa","description":"DIGITAL Business Africa enables targeted communication with ICT and telecommunications experts in Central Africa . OUR RUBRICS\u00a0 ICT and telecom","robots":{"index":"index","follow":"follow","max-snippet":"max-snippet:-1","max-image-preview":"max-image-preview:large","max-video-preview":"max-video-preview:-1"},"canonical":"https:\/\/www.digitalbusiness.africa\/en\/pricing-on-digital-business-africa\/","og_locale":"en_US","og_type":"article","og_title":"PRICING ON DIGITAL Business Africa - Digital Business Africa","og_description":"DIGITAL Business Africa enables targeted communication with ICT and telecommunications experts in Central Africa . OUR RUBRICS\u00a0 ICT and telecom","og_url":"https:\/\/www.digitalbusiness.africa\/en\/pricing-on-digital-business-africa\/","og_site_name":"Digital Business Africa","article_publisher":"https:\/\/www.facebook.com\/DigitalBusinessAFRIC","article_modified_time":"2023-12-01T05:05:05+00:00","og_image":[{"url":"http:\/\/www.digitalbusiness.africa\/wp-content\/uploads\/2016\/06\/PUB-Forfaits-TIC-Mag-Rubriques.jpg","type":"","width":"","height":""}],"twitter_card":"summary_large_image","twitter_site":"@DigitalBusiness","twitter_misc":{"Est. reading time":"2 minutes"},"schema":{"@context":"https:\/\/schema.org","@graph":[{"@type":"WebPage","@id":"https:\/\/www.digitalbusiness.africa\/en\/pricing-on-digital-business-africa\/","url":"https:\/\/www.digitalbusiness.africa\/en\/pricing-on-digital-business-africa\/","name":"PRICING ON DIGITAL Business Africa - Digital Business Africa","isPartOf":{"@id":"https:\/\/www.digitalbusiness.africa\/en\/#website"},"primaryImageOfPage":{"@id":"https:\/\/www.digitalbusiness.africa\/en\/pricing-on-digital-business-africa\/#primaryimage"},"image":{"@id":"https:\/\/www.digitalbusiness.africa\/en\/pricing-on-digital-business-africa\/#primaryimage"},"thumbnailUrl":"https:\/\/www.digitalbusiness.africa\/wp-content\/uploads\/2016\/06\/PUB-Forfaits-TIC-Mag-Rubriques.jpg","datePublished":"2016-06-08T08:16:49+00:00","dateModified":"2023-12-01T05:05:05+00:00","description":"DIGITAL Business Africa enables targeted communication with ICT and telecommunications experts in Central Africa . OUR RUBRICS\u00a0 ICT and telecom","inLanguage":"en-US","potentialAction":[{"@type":"ReadAction","target":["https:\/\/www.digitalbusiness.africa\/en\/pricing-on-digital-business-africa\/"]}]},{"@type":"ImageObject","inLanguage":"en-US","@id":"https:\/\/www.digitalbusiness.africa\/en\/pricing-on-digital-business-africa\/#primaryimage","url":"https:\/\/www.digitalbusiness.africa\/wp-content\/uploads\/2016\/06\/PUB-Forfaits-TIC-Mag-Rubriques.jpg","contentUrl":"https:\/\/www.digitalbusiness.africa\/wp-content\/uploads\/2016\/06\/PUB-Forfaits-TIC-Mag-Rubriques.jpg"},{"@type":"WebSite","@id":"https:\/\/www.digitalbusiness.africa\/en\/#website","url":"https:\/\/www.digitalbusiness.africa\/en\/","name":"Digital Business Africa","description":"Le Mag des d\u00e9cideurs consacr\u00e9 \u00e0 l&#039;actualit\u00e9 des TIC, des T\u00e9l\u00e9coms et du Num\u00e9rique en Afrique","publisher":{"@id":"https:\/\/www.digitalbusiness.africa\/en\/#organization"},"potentialAction":[{"@type":"SearchAction","target":{"@type":"EntryPoint","urlTemplate":"https:\/\/www.digitalbusiness.africa\/en\/?s={search_term_string}"},"query-input":{"@type":"PropertyValueSpecification","valueRequired":true,"valueName":"search_term_string"}}],"inLanguage":"en-US"},{"@type":"Organization","@id":"https:\/\/www.digitalbusiness.africa\/en\/#organization","name":"Digital Business Africa","url":"https:\/\/www.digitalbusiness.africa\/en\/","logo":{"@type":"ImageObject","inLanguage":"en-US","@id":"https:\/\/www.digitalbusiness.africa\/en\/#\/schema\/logo\/image\/","url":"https:\/\/i0.wp.com\/www.digitalbusiness.africa\/wp-content\/uploads\/2022\/07\/NEW-LOGO-DBA-Sans-Fond.png?fit=2995%2C953&quality=80&ssl=1","contentUrl":"https:\/\/i0.wp.com\/www.digitalbusiness.africa\/wp-content\/uploads\/2022\/07\/NEW-LOGO-DBA-Sans-Fond.png?fit=2995%2C953&quality=80&ssl=1","width":2995,"height":953,"caption":"Digital Business Africa"},"image":{"@id":"https:\/\/www.digitalbusiness.africa\/en\/#\/schema\/logo\/image\/"},"sameAs":["https:\/\/www.facebook.com\/DigitalBusinessAFRIC","https:\/\/x.com\/DigitalBusiness","https:\/\/www.linkedin.com\/company\/digitalbusinessafrica","https:\/\/www.youtube.com\/@DIGITALbusinessafrica"]}]}},"_links":{"self":[{"href":"https:\/\/www.digitalbusiness.africa\/en\/wp-json\/wp\/v2\/pages\/35810","targetHints":{"allow":["GET"]}}],"collection":[{"href":"https:\/\/www.digitalbusiness.africa\/en\/wp-json\/wp\/v2\/pages"}],"about":[{"href":"https:\/\/www.digitalbusiness.africa\/en\/wp-json\/wp\/v2\/types\/page"}],"author":[{"embeddable":true,"href":"https:\/\/www.digitalbusiness.africa\/en\/wp-json\/wp\/v2\/users\/28"}],"replies":[{"embeddable":true,"href":"https:\/\/www.digitalbusiness.africa\/en\/wp-json\/wp\/v2\/comments?post=35810"}],"version-history":[{"count":2,"href":"https:\/\/www.digitalbusiness.africa\/en\/wp-json\/wp\/v2\/pages\/35810\/revisions"}],"predecessor-version":[{"id":65230,"href":"https:\/\/www.digitalbusiness.africa\/en\/wp-json\/wp\/v2\/pages\/35810\/revisions\/65230"}],"wp:attachment":[{"href":"https:\/\/www.digitalbusiness.africa\/en\/wp-json\/wp\/v2\/media?parent=35810"}],"curies":[{"name":"wp","href":"https:\/\/api.w.org\/{rel}","templated":true}]}}